{"id":1416,"date":"2020-10-20T11:03:02","date_gmt":"2020-10-20T10:03:02","guid":{"rendered":"https:\/\/www.grillsteakhouse.com\/de\/?page_id=1416"},"modified":"2021-03-24T10:04:04","modified_gmt":"2021-03-24T10:04:04","slug":"about-us","status":"publish","type":"page","link":"https:\/\/www.grillsteakhouse.com\/de\/about-us\/","title":{"rendered":"About us"},"content":{"rendered":"<p>[et_pb_section fb_built=&#8221;1&#8243; fullwidth=&#8221;on&#8221; _builder_version=&#8221;4.6.6&#8243; _module_preset=&#8221;default&#8221; background_image=&#8221;https:\/\/www.grillsteakhouse.com\/de\/wp-content\/uploads\/2020\/10\/Matto-Grosso.jpg&#8221;][et_pb_fullwidth_header title=&#8221;\u00dcBER UNS&#8221; text_orientation=&#8221;center&#8221; header_fullscreen=&#8221;on&#8221; header_scroll_down=&#8221;on&#8221; _builder_version=&#8221;4.6.6&#8243; _module_preset=&#8221;default&#8221; title_font=&#8221;|||on|||||&#8221; title_font_size=&#8221;86px&#8221; background_enable_color=&#8221;off&#8221; animation_style=&#8221;zoom&#8221;][\/et_pb_fullwidth_header][\/et_pb_section][et_pb_section fb_built=&#8221;1&#8243; _builder_version=&#8221;4.6.3&#8243; background_color=&#8221;#000000&#8243; use_background_color_gradient=&#8221;on&#8221; background_color_gradient_start=&#8221;rgba(0,0,0,0)&#8221; background_color_gradient_end=&#8221;rgba(0,0,0,0)&#8221; background_color_gradient_overlays_image=&#8221;on&#8221; background_image=&#8221;https:\/\/www.grillsteakhouse.com\/de\/wp-content\/uploads\/2020\/09\/Grill-flames-bg.jpg&#8221; custom_margin=&#8221;-2px||4px|||&#8221; custom_padding=&#8221;||80px|||&#8221;][et_pb_row _builder_version=&#8221;4.6.6&#8243; width=&#8221;69%&#8221; min_height=&#8221;100px&#8221; custom_margin=&#8221;|auto|0px||false|false&#8221; custom_padding=&#8221;||0px|||&#8221;][et_pb_column type=&#8221;4_4&#8243; _builder_version=&#8221;4.4.6&#8243;][et_pb_image src=&#8221;https:\/\/www.grillsteakhouse.com\/de\/wp-content\/uploads\/2020\/09\/Tools.png&#8221; title_text=&#8221;Tools&#8221; align=&#8221;center&#8221; _builder_version=&#8221;4.6.3&#8243; _module_preset=&#8221;default&#8221; width=&#8221;10%&#8221;][\/et_pb_image][\/et_pb_column][\/et_pb_row][et_pb_row column_structure=&#8221;2_3,1_3&#8243; _builder_version=&#8221;4.4.6&#8243; width=&#8221;69%&#8221; min_height=&#8221;483px&#8221; custom_margin=&#8221;|auto|||false|false&#8221; custom_padding=&#8221;||0px|||&#8221;][et_pb_column type=&#8221;2_3&#8243; _builder_version=&#8221;4.4.6&#8243;][et_pb_text _builder_version=&#8221;4.9.0&#8243; text_font=&#8221;|300|||||||&#8221; text_font_size=&#8221;18px&#8221; text_line_height=&#8221;2.2em&#8221; min_height=&#8221;211px&#8221; custom_margin=&#8221;50px|auto|-5px|auto|false|false&#8221; custom_padding=&#8221;0px||100px||false|false&#8221; hover_enabled=&#8221;0&#8243; sticky_enabled=&#8221;0&#8243;]<\/p>\n<p style=\"text-align: left;\">In der Zentralregion Brasiliens befindet sich die gr\u00f6\u00dfte Rinderherde des Landes.<\/p>\n<p>Die F\u00fchrungsrolle bei der Getreideproduktion f\u00fchrt zu einem <strong>einzigartigen<\/strong> <strong>Modell der Viehzucht.<\/strong><\/p>\n<p style=\"text-align: left;\"><span>Die Tiere grasen frei \u00fcber die fruchtbaren Weiden von <em>Mato Grosso<\/em> und die reichliche landwirtschaftliche Produktion erm\u00f6glicht es das Futter w\u00e4hrend des Mastprozesses mit Getreide anzureichern.<\/span><\/p>\n<p style=\"text-align: left;\"><span style=\"color: #edd100;\"><strong><span style=\"color: #ffe100;\">Grill Steakhouse<\/span><\/strong> <span style=\"color: #ffffff;\">Rindfleisch wird in jedem Schritt des Prozesses mit grosser Sorgfalt und unter strengen EU-Produktionsstandards hergestellt.<\/span><\/span><\/p>\n<p>[\/et_pb_text][\/et_pb_column][et_pb_column type=&#8221;1_3&#8243; _builder_version=&#8221;4.4.6&#8243;][et_pb_image src=&#8221;https:\/\/www.grillsteakhouse.com\/de\/wp-content\/uploads\/2020\/11\/Grillsteak-raw.jpg&#8221; alt=&#8221;Brazilian beef &#8221; title_text=&#8221;Close up of rare roasted juicy medallion of fillet&#8221; _builder_version=&#8221;4.6.6&#8243; _module_preset=&#8221;default&#8221; custom_margin=&#8221;55px|||||&#8221; animation_style=&#8221;fade&#8221;][\/et_pb_image][et_pb_image src=&#8221;https:\/\/www.grillsteakhouse.com\/de\/wp-content\/uploads\/2021\/02\/Tasman-Grass-Pic-2.jpg&#8221; alt=&#8221;Grill Steakhouse Selected Brazilian beef&#8221; title_text=&#8221;Tasman-Grass-Pic-2&#8243; _builder_version=&#8221;4.7.4&#8243; _module_preset=&#8221;default&#8221; animation_style=&#8221;fade&#8221;][\/et_pb_image][\/et_pb_column][\/et_pb_row][et_pb_row _builder_version=&#8221;4.6.6&#8243; _module_preset=&#8221;default&#8221;][et_pb_column type=&#8221;4_4&#8243; _builder_version=&#8221;4.6.6&#8243; _module_preset=&#8221;default&#8221;][et_pb_video src=&#8221;https:\/\/vimeo.com\/401285344\/32a91fe66d&#8221; _builder_version=&#8221;4.6.6&#8243; _module_preset=&#8221;default&#8221;][\/et_pb_video][\/et_pb_column][\/et_pb_row][et_pb_row column_structure=&#8221;1_4,1_4,1_4,1_4&#8243; use_custom_gutter=&#8221;on&#8221; gutter_width=&#8221;1&#8243; _builder_version=&#8221;4.6.3&#8243; _module_preset=&#8221;default&#8221; width=&#8221;100%&#8221; max_width=&#8221;2560px&#8221; custom_margin=&#8221;||||false|false&#8221; custom_padding=&#8221;100px||100px||false|false&#8221;][et_pb_column type=&#8221;1_4&#8243; _builder_version=&#8221;4.6.3&#8243; _module_preset=&#8221;default&#8221;][et_pb_image src=&#8221;https:\/\/www.grillsteakhouse.com\/de\/wp-content\/uploads\/2020\/10\/Chef-grill.jpg&#8221; alt=&#8221;Chef grillsteak&#8221; title_text=&#8221;Chef grillsteak&#8221; _builder_version=&#8221;4.6.3&#8243; _module_preset=&#8221;default&#8221; animation_style=&#8221;slide&#8221; animation_direction=&#8221;left&#8221;][\/et_pb_image][\/et_pb_column][et_pb_column type=&#8221;1_4&#8243; _builder_version=&#8221;4.6.3&#8243; _module_preset=&#8221;default&#8221;][et_pb_image src=&#8221;https:\/\/www.grillsteakhouse.com\/de\/wp-content\/uploads\/2020\/09\/Cattle-herders.jpg&#8221; alt=&#8221;Cattle-herders&#8221; title_text=&#8221;Cattle-herders&#8221; _builder_version=&#8221;4.6.3&#8243; _module_preset=&#8221;default&#8221; animation_style=&#8221;slide&#8221; animation_direction=&#8221;top&#8221;][\/et_pb_image][\/et_pb_column][et_pb_column type=&#8221;1_4&#8243; _builder_version=&#8221;4.6.3&#8243; _module_preset=&#8221;default&#8221;][et_pb_image src=&#8221;https:\/\/www.grillsteakhouse.com\/de\/wp-content\/uploads\/2020\/10\/Tenderloin.jpg&#8221; alt=&#8221;Tenderloin beef steak&#8221; title_text=&#8221;Tenderloin beef steak&#8221; _builder_version=&#8221;4.6.6&#8243; _module_preset=&#8221;default&#8221; animation_style=&#8221;slide&#8221; animation_direction=&#8221;bottom&#8221;][\/et_pb_image][\/et_pb_column][et_pb_column type=&#8221;1_4&#8243; _builder_version=&#8221;4.6.3&#8243; _module_preset=&#8221;default&#8221;][et_pb_image src=&#8221;https:\/\/www.grillsteakhouse.com\/de\/wp-content\/uploads\/2020\/10\/Restaurant.jpg&#8221; alt=&#8221;Brazillian Restaurant&#8221; title_text=&#8221;Brazillian Restaurant&#8221; _builder_version=&#8221;4.6.3&#8243; _module_preset=&#8221;default&#8221; animation_style=&#8221;slide&#8221; animation_direction=&#8221;right&#8221;][\/et_pb_image][\/et_pb_column][\/et_pb_row][\/et_pb_section][et_pb_section fb_built=&#8221;1&#8243; _builder_version=&#8221;4.6.3&#8243; background_color=&#8221;#000000&#8243; background_enable_image=&#8221;off&#8221; min_height=&#8221;194px&#8221; custom_margin=&#8221;-8px|||||&#8221; custom_padding=&#8221;0px||0px||false|false&#8221; global_module=&#8221;360&#8243; saved_tabs=&#8221;all&#8221;][et_pb_row column_structure=&#8221;1_4,1_4,1_4,1_4&#8243; _builder_version=&#8221;4.4.6&#8243;][et_pb_column type=&#8221;1_4&#8243; _builder_version=&#8221;4.4.6&#8243;][et_pb_image src=&#8221;https:\/\/www.grillsteakhouse.com\/de\/wp-content\/uploads\/2020\/12\/JBS-logo.png&#8221; alt=&#8221;Canada-Spring-Creek-Beef-banner&#8221; title_text=&#8221;JBS&#8211;logo&#8221; url=&#8221;https:\/\/www.jbsglobal.co.uk\/news\/&#8221; url_new_window=&#8221;on&#8221; _builder_version=&#8221;4.7.4&#8243;][\/et_pb_image][\/et_pb_column][et_pb_column type=&#8221;1_4&#8243; _builder_version=&#8221;4.4.6&#8243;][et_pb_image src=&#8221;https:\/\/www.grillsteakhouse.com\/de\/wp-content\/uploads\/2020\/12\/Fund-for-the-Amazon-logo.png&#8221; title_text=&#8221;Fund-for-the-Amazon-logo&#8221; url=&#8221;https:\/\/jbs.com.br\/juntospelaamazonia\/en\/#&#8221; url_new_window=&#8221;on&#8221; _builder_version=&#8221;4.7.4&#8243; _module_preset=&#8221;default&#8221;][\/et_pb_image][\/et_pb_column][et_pb_column type=&#8221;1_4&#8243; _builder_version=&#8221;4.4.6&#8243;][et_pb_image src=&#8221;https:\/\/www.grillsteakhouse.com\/de\/wp-content\/uploads\/2020\/12\/Real-Red-Meat-Eaters-logo.png&#8221; title_text=&#8221;Real-Red-Meat-Eaters-logo&#8221; url=&#8221;https:\/\/www.instagram.com\/realredmeateaters\/&#8221; url_new_window=&#8221;on&#8221; _builder_version=&#8221;4.7.4&#8243; _module_preset=&#8221;default&#8221;][\/et_pb_image][\/et_pb_column][et_pb_column type=&#8221;1_4&#8243; _builder_version=&#8221;4.4.6&#8243;][et_pb_image src=&#8221;https:\/\/www.grillsteakhouse.com\/de\/wp-content\/uploads\/2020\/12\/Grill-Steakhouse-logo.png&#8221; title_text=&#8221;Grill-Steakhouse-logo&#8221; url=&#8221;https:\/\/www.grillsteakhouse.com\/de\/products\/&#8221; url_new_window=&#8221;on&#8221; _builder_version=&#8221;4.7.4&#8243; _module_preset=&#8221;default&#8221;][\/et_pb_image][\/et_pb_column][\/et_pb_row][\/et_pb_section]<\/p>\n","protected":false},"excerpt":{"rendered":"<p>In der Zentralregion Brasiliens befindet sich die gr\u00f6\u00dfte Rinderherde des Landes. Die F\u00fchrungsrolle bei der Getreideproduktion f\u00fchrt zu einem einzigartigen Modell der Viehzucht. Die Tiere grasen frei \u00fcber die fruchtbaren Weiden von Mato Grosso und die reichliche landwirtschaftliche Produktion erm\u00f6glicht es das Futter w\u00e4hrend des Mastprozesses mit Getreide anzureichern. Grill Steakhouse Rindfleisch wird in jedem [&hellip;]<\/p>\n","protected":false},"author":2,"featured_media":0,"parent":0,"menu_order":10,"comment_status":"closed","ping_status":"closed","template":"","meta":{"_et_pb_use_builder":"on","_et_pb_old_content":"","_et_gb_content_width":"","footnotes":""},"class_list":["post-1416","page","type-page","status-publish","hentry"],"yoast_head":"<!-- This site is optimized with the Yoast SEO plugin v27.4 - https:\/\/yoast.com\/product\/yoast-seo-wordpress\/ -->\n<title>About us - Grill Steakhouse Selected Brazilian Beef<\/title>\n<meta name=\"description\" content=\"Grill Steakhouse beef is produced with care and compassion, and from Farm to Fork is produced in accordance with the rigorous EU production standards.\" \/>\n<meta name=\"robots\" content=\"index, follow, max-snippet:-1, max-image-preview:large, max-video-preview:-1\" \/>\n<link rel=\"canonical\" href=\"https:\/\/www.grillsteakhouse.com\/de\/about-us\/\" \/>\n<meta property=\"og:locale\" content=\"en_GB\" \/>\n<meta property=\"og:type\" content=\"article\" \/>\n<meta property=\"og:title\" content=\"About us - Grill Steakhouse Selected Brazilian Beef\" \/>\n<meta property=\"og:description\" content=\"Grill Steakhouse beef is produced with care and compassion, and from Farm to Fork is produced in accordance with the rigorous EU production standards.\" \/>\n<meta property=\"og:url\" content=\"https:\/\/www.grillsteakhouse.com\/de\/about-us\/\" \/>\n<meta property=\"og:site_name\" content=\"Grill Steakhouse Selected Brazilian Beef\" \/>\n<meta property=\"article:publisher\" content=\"https:\/\/www.facebook.com\/JBS-Global-UK-794911470545622\/\" \/>\n<meta property=\"article:modified_time\" content=\"2021-03-24T10:04:04+00:00\" \/>\n<meta name=\"twitter:card\" content=\"summary_large_image\" \/>\n<meta name=\"twitter:site\" content=\"@JBSGlobalUK\" \/>\n<meta name=\"twitter:label1\" content=\"Estimated reading time\" \/>\n\t<meta name=\"twitter:data1\" content=\"4 minutes\" \/>\n<script type=\"application\/ld+json\" class=\"yoast-schema-graph\">{\"@context\":\"https:\\\/\\\/schema.org\",\"@graph\":[{\"@type\":\"WebPage\",\"@id\":\"https:\\\/\\\/www.grillsteakhouse.com\\\/de\\\/about-us\\\/\",\"url\":\"https:\\\/\\\/www.grillsteakhouse.com\\\/de\\\/about-us\\\/\",\"name\":\"About us - Grill Steakhouse Selected Brazilian Beef\",\"isPartOf\":{\"@id\":\"https:\\\/\\\/www.grillsteakhouse.com\\\/de\\\/#website\"},\"datePublished\":\"2020-10-20T10:03:02+00:00\",\"dateModified\":\"2021-03-24T10:04:04+00:00\",\"description\":\"Grill Steakhouse beef is produced with care and compassion, and from Farm to Fork is produced in accordance with the rigorous EU production standards.\",\"breadcrumb\":{\"@id\":\"https:\\\/\\\/www.grillsteakhouse.com\\\/de\\\/about-us\\\/#breadcrumb\"},\"inLanguage\":\"en-GB\",\"potentialAction\":[{\"@type\":\"ReadAction\",\"target\":[\"https:\\\/\\\/www.grillsteakhouse.com\\\/de\\\/about-us\\\/\"]}]},{\"@type\":\"BreadcrumbList\",\"@id\":\"https:\\\/\\\/www.grillsteakhouse.com\\\/de\\\/about-us\\\/#breadcrumb\",\"itemListElement\":[{\"@type\":\"ListItem\",\"position\":1,\"name\":\"Home\",\"item\":\"https:\\\/\\\/www.grillsteakhouse.com\\\/de\\\/\"},{\"@type\":\"ListItem\",\"position\":2,\"name\":\"About us\"}]},{\"@type\":\"WebSite\",\"@id\":\"https:\\\/\\\/www.grillsteakhouse.com\\\/de\\\/#website\",\"url\":\"https:\\\/\\\/www.grillsteakhouse.com\\\/de\\\/\",\"name\":\"Grill Steakhouse Selected Brazilian Beef\",\"description\":\"Finest Wholesale Beef Cuts from Brazil\",\"potentialAction\":[{\"@type\":\"SearchAction\",\"target\":{\"@type\":\"EntryPoint\",\"urlTemplate\":\"https:\\\/\\\/www.grillsteakhouse.com\\\/de\\\/?s={search_term_string}\"},\"query-input\":{\"@type\":\"PropertyValueSpecification\",\"valueRequired\":true,\"valueName\":\"search_term_string\"}}],\"inLanguage\":\"en-GB\"}]}<\/script>\n<!-- \/ Yoast SEO plugin. -->","yoast_head_json":{"title":"About us - Grill Steakhouse Selected Brazilian Beef","description":"Grill Steakhouse beef is produced with care and compassion, and from Farm to Fork is produced in accordance with the rigorous EU production standards.","robots":{"index":"index","follow":"follow","max-snippet":"max-snippet:-1","max-image-preview":"max-image-preview:large","max-video-preview":"max-video-preview:-1"},"canonical":"https:\/\/www.grillsteakhouse.com\/de\/about-us\/","og_locale":"en_GB","og_type":"article","og_title":"About us - Grill Steakhouse Selected Brazilian Beef","og_description":"Grill Steakhouse beef is produced with care and compassion, and from Farm to Fork is produced in accordance with the rigorous EU production standards.","og_url":"https:\/\/www.grillsteakhouse.com\/de\/about-us\/","og_site_name":"Grill Steakhouse Selected Brazilian Beef","article_publisher":"https:\/\/www.facebook.com\/JBS-Global-UK-794911470545622\/","article_modified_time":"2021-03-24T10:04:04+00:00","twitter_card":"summary_large_image","twitter_site":"@JBSGlobalUK","twitter_misc":{"Estimated reading time":"4 minutes"},"schema":{"@context":"https:\/\/schema.org","@graph":[{"@type":"WebPage","@id":"https:\/\/www.grillsteakhouse.com\/de\/about-us\/","url":"https:\/\/www.grillsteakhouse.com\/de\/about-us\/","name":"About us - Grill Steakhouse Selected Brazilian Beef","isPartOf":{"@id":"https:\/\/www.grillsteakhouse.com\/de\/#website"},"datePublished":"2020-10-20T10:03:02+00:00","dateModified":"2021-03-24T10:04:04+00:00","description":"Grill Steakhouse beef is produced with care and compassion, and from Farm to Fork is produced in accordance with the rigorous EU production standards.","breadcrumb":{"@id":"https:\/\/www.grillsteakhouse.com\/de\/about-us\/#breadcrumb"},"inLanguage":"en-GB","potentialAction":[{"@type":"ReadAction","target":["https:\/\/www.grillsteakhouse.com\/de\/about-us\/"]}]},{"@type":"BreadcrumbList","@id":"https:\/\/www.grillsteakhouse.com\/de\/about-us\/#breadcrumb","itemListElement":[{"@type":"ListItem","position":1,"name":"Home","item":"https:\/\/www.grillsteakhouse.com\/de\/"},{"@type":"ListItem","position":2,"name":"About us"}]},{"@type":"WebSite","@id":"https:\/\/www.grillsteakhouse.com\/de\/#website","url":"https:\/\/www.grillsteakhouse.com\/de\/","name":"Grill Steakhouse Selected Brazilian Beef","description":"Finest Wholesale Beef Cuts from Brazil","potentialAction":[{"@type":"SearchAction","target":{"@type":"EntryPoint","urlTemplate":"https:\/\/www.grillsteakhouse.com\/de\/?s={search_term_string}"},"query-input":{"@type":"PropertyValueSpecification","valueRequired":true,"valueName":"search_term_string"}}],"inLanguage":"en-GB"}]}},"_links":{"self":[{"href":"https:\/\/www.grillsteakhouse.com\/de\/wp-json\/wp\/v2\/pages\/1416","targetHints":{"allow":["GET"]}}],"collection":[{"href":"https:\/\/www.grillsteakhouse.com\/de\/wp-json\/wp\/v2\/pages"}],"about":[{"href":"https:\/\/www.grillsteakhouse.com\/de\/wp-json\/wp\/v2\/types\/page"}],"author":[{"embeddable":true,"href":"https:\/\/www.grillsteakhouse.com\/de\/wp-json\/wp\/v2\/users\/2"}],"replies":[{"embeddable":true,"href":"https:\/\/www.grillsteakhouse.com\/de\/wp-json\/wp\/v2\/comments?post=1416"}],"version-history":[{"count":38,"href":"https:\/\/www.grillsteakhouse.com\/de\/wp-json\/wp\/v2\/pages\/1416\/revisions"}],"predecessor-version":[{"id":2329,"href":"https:\/\/www.grillsteakhouse.com\/de\/wp-json\/wp\/v2\/pages\/1416\/revisions\/2329"}],"wp:attachment":[{"href":"https:\/\/www.grillsteakhouse.com\/de\/wp-json\/wp\/v2\/media?parent=1416"}],"curies":[{"name":"wp","href":"https:\/\/api.w.org\/{rel}","templated":true}]}}