{"id":1443,"date":"2020-10-20T12:13:45","date_gmt":"2020-10-20T11:13:45","guid":{"rendered":"https:\/\/www.grillsteakhouse.com\/de\/?page_id=1443"},"modified":"2021-03-23T11:29:51","modified_gmt":"2021-03-23T11:29:51","slug":"sustainability","status":"publish","type":"page","link":"https:\/\/www.grillsteakhouse.com\/de\/sustainability\/","title":{"rendered":"Sustainability"},"content":{"rendered":"<p>[et_pb_section fb_built=&#8221;1&#8243; fullwidth=&#8221;on&#8221; _builder_version=&#8221;4.6.3&#8243; background_color=&#8221;#000000&#8243; background_enable_image=&#8221;off&#8221;][\/et_pb_section][et_pb_section fb_built=&#8221;1&#8243; fullwidth=&#8221;on&#8221; _builder_version=&#8221;4.6.6&#8243; _module_preset=&#8221;default&#8221; use_background_color_gradient=&#8221;on&#8221; background_color_gradient_start=&#8221;rgba(3,15,6,0.36)&#8221; background_color_gradient_end=&#8221;rgba(0,0,0,0.28)&#8221; background_color_gradient_overlays_image=&#8221;on&#8221; background_image=&#8221;https:\/\/www.grillsteakhouse.com\/de\/wp-content\/uploads\/2020\/11\/The-Amazon-scaled.jpg&#8221;][et_pb_fullwidth_header title=&#8221;NACHHaltigkeit&#8221; text_orientation=&#8221;center&#8221; header_fullscreen=&#8221;on&#8221; header_scroll_down=&#8221;on&#8221; _builder_version=&#8221;4.9.0&#8243; _module_preset=&#8221;default&#8221; title_font=&#8221;|||on|||||&#8221; title_font_size=&#8221;86px&#8221; background_enable_color=&#8221;off&#8221; animation_style=&#8221;zoom&#8221;][\/et_pb_fullwidth_header][\/et_pb_section][et_pb_section fb_built=&#8221;1&#8243; _builder_version=&#8221;4.6.3&#8243; background_color=&#8221;#000000&#8243; use_background_color_gradient=&#8221;on&#8221; background_color_gradient_start=&#8221;rgba(0,0,0,0)&#8221; background_color_gradient_end=&#8221;rgba(0,0,0,0)&#8221; background_color_gradient_overlays_image=&#8221;on&#8221; background_image=&#8221;https:\/\/www.grillsteakhouse.com\/de\/wp-content\/uploads\/2020\/09\/Grill-flames-bg.jpg&#8221; custom_margin=&#8221;-2px||4px|||&#8221; custom_padding=&#8221;||80px|||&#8221;][et_pb_row _builder_version=&#8221;4.4.6&#8243; width=&#8221;69%&#8221; custom_margin=&#8221;|auto|||false|false&#8221;][et_pb_column type=&#8221;4_4&#8243; _builder_version=&#8221;4.4.6&#8243;][et_pb_image src=&#8221;https:\/\/www.grillsteakhouse.com\/de\/wp-content\/uploads\/2020\/09\/Tools.png&#8221; title_text=&#8221;Tools&#8221; align=&#8221;center&#8221; _builder_version=&#8221;4.6.3&#8243; _module_preset=&#8221;default&#8221; width=&#8221;10%&#8221;][\/et_pb_image][et_pb_text _builder_version=&#8221;4.6.6&#8243; text_font=&#8221;|300|||||||&#8221; text_font_size=&#8221;18px&#8221; text_line_height=&#8221;2.2em&#8221; min_height=&#8221;138px&#8221; custom_margin=&#8221;50px|auto|-5px|auto|false|false&#8221; custom_padding=&#8221;0px||0px||false|false&#8221;]<\/p>\n<p style=\"text-align: center;\"><strong><span>Entdecken Sie die bahnbrechende initiative<\/span> <span style=\"color: #ffffff;\">Together for the Amazon<\/span>\u00a0von JBS Brazil: <a href=\"https:\/\/jbs.com.br\/juntospelaamazonia\/en\/\" target=\"_blank\" rel=\"noopener noreferrer\">https:\/\/jbs.com.br\/juntospelaamazonia\/en\/#<\/a><\/strong><\/p>\n<p>[\/et_pb_text][\/et_pb_column][\/et_pb_row][et_pb_row column_structure=&#8221;3_5,2_5&#8243; _builder_version=&#8221;4.4.6&#8243; width=&#8221;69%&#8221; custom_margin=&#8221;|auto|||false|false&#8221;][et_pb_column type=&#8221;3_5&#8243; _builder_version=&#8221;4.4.6&#8243;][et_pb_text _builder_version=&#8221;4.9.0&#8243; text_font=&#8221;|300|||||||&#8221; text_font_size=&#8221;18px&#8221; text_line_height=&#8221;2.2em&#8221; min_height=&#8221;138px&#8221; custom_margin=&#8221;1px|auto|-5px|auto|false|false&#8221; custom_padding=&#8221;0px||60px||false|false&#8221;]<\/p>\n<p>Das<span style=\"font-size: 18px;\">\u00a0<\/span><span style=\"color: #ffffff; font-size: 18px;\"><strong>Together for the Amazon<\/strong><\/span><span style=\"font-size: 18px;\"> Programm ist eine Reihe von Initiativen zur Erhaltung und Entwicklung des nat\u00fcrlichen Lebensraumes, die sich an der Absicht des Unternehmens orientieren, die Welt auf nachhaltigere Weise zu ern\u00e4hren. \u00a0JBS Global setzt sich weltweit f\u00fcr nachhaltige Tierhaltung ein und <span style=\"color: #ffe100;\"><strong>Grill Steakhouse<\/strong><\/span> folgt diesen Prinzipien zu 100%.<\/span><\/p>\n<p>In Brasilien hat JBS ein\u00a0<strong><span style=\"color: #ffe100;\"><span style=\"color: #ffffff;\">Supply Chain Protokollsystem<\/span>\u00a0<\/span><\/strong>eingef\u00fchrt, das von unabh\u00e4ngigen Dritten gepr\u00fcft wird. Dies gilt sowohl f\u00fcr die Produktionsstandorte, als auch f\u00fcr die landwirtschaftlichen Betriebe. Dazu geh\u00f6ren unter anderem Tierschutz, l\u00fcckenlose R\u00fcckverfolgbarkeit, Umweltverantwortung und Viehtransport.<\/p>\n<p>Das JBS Supply Chain Protokollsystem ist eine branchenf\u00fchrende Initiative, die Landwirten, Lieferanten und Kunden gro\u00dfe Sicherheit hinsichtlich der Qualit\u00e4t und Integrit\u00e4t von\u00a0<strong><span style=\"color: #ffe100;\">Grill Steakhouse<\/span><\/strong> Rindfleisch bietet.<\/p>\n<p>Die strikte Einhaltung der Null-Entwaldungsrichtlinie des Unternehmens, die Invasion indigener L\u00e4ndereien oder Schutzgebiete, Zwangsarbeit oder die Nutzung der von IBAMA gesperrten Gebiete werden t\u00e4glich \u00fcberwacht und decken eine Fl\u00e4che von \u00fcber 280.000 Quadratmeilen \u2013 oder eine Fl\u00e4che gr\u00f6\u00dfer als Deutschland \u2013 ab, um sicherzustellen, dass unsere Lieferkettenintegrit\u00e4t und die Unternehmensstandards erf\u00fcllt werden.<\/p>\n<p>[\/et_pb_text][\/et_pb_column][et_pb_column type=&#8221;2_5&#8243; _builder_version=&#8221;4.4.6&#8243;][et_pb_image src=&#8221;https:\/\/www.grillsteakhouse.com\/de\/wp-content\/uploads\/2020\/11\/TFA_banner.jpg&#8221; title_text=&#8221;TFA_banner&#8221; _builder_version=&#8221;4.6.6&#8243; _module_preset=&#8221;default&#8221; custom_margin=&#8221;-1px|||||&#8221;][\/et_pb_image][et_pb_image src=&#8221;https:\/\/www.grillsteakhouse.com\/de\/wp-content\/uploads\/2020\/11\/TFA_fund_1.jpg&#8221; title_text=&#8221;TFA_fund_1&#8243; _builder_version=&#8221;4.6.6&#8243; _module_preset=&#8221;default&#8221;][\/et_pb_image][et_pb_image src=&#8221;https:\/\/www.grillsteakhouse.com\/de\/wp-content\/uploads\/2020\/11\/Feeding-the-World-Sustainably.jpg&#8221; title_text=&#8221;Feeding-the-World-Sustainably&#8221; _builder_version=&#8221;4.6.6&#8243; _module_preset=&#8221;default&#8221; border_width_all=&#8221;1px&#8221; border_color_all=&#8221;#ffffff&#8221;][\/et_pb_image][\/et_pb_column][\/et_pb_row][et_pb_row column_structure=&#8221;1_4,1_4,1_4,1_4&#8243; use_custom_gutter=&#8221;on&#8221; gutter_width=&#8221;1&#8243; _builder_version=&#8221;4.6.3&#8243; _module_preset=&#8221;default&#8221; width=&#8221;100%&#8221; max_width=&#8221;2560px&#8221; custom_margin=&#8221;||||false|false&#8221; custom_padding=&#8221;100px||100px||false|false&#8221;][et_pb_column type=&#8221;1_4&#8243; _builder_version=&#8221;4.6.3&#8243; _module_preset=&#8221;default&#8221;][et_pb_image src=&#8221;https:\/\/www.grillsteakhouse.com\/de\/wp-content\/uploads\/2020\/09\/Brazil-small-town.jpg&#8221; alt=&#8221;Cattle, Grill steakhouse&#8221; title_text=&#8221;Brazil small town&#8221; _builder_version=&#8221;4.6.6&#8243; _module_preset=&#8221;default&#8221; animation_style=&#8221;slide&#8221; animation_direction=&#8221;left&#8221;][\/et_pb_image][\/et_pb_column][et_pb_column type=&#8221;1_4&#8243; _builder_version=&#8221;4.6.3&#8243; _module_preset=&#8221;default&#8221;][et_pb_image src=&#8221;https:\/\/www.grillsteakhouse.com\/de\/wp-content\/uploads\/2020\/10\/Cef-cutting-meat.jpg&#8221; alt=&#8221;Chef cutting meat&#8221; title_text=&#8221;Chef cutting meat&#8221; _builder_version=&#8221;4.6.3&#8243; _module_preset=&#8221;default&#8221; animation_style=&#8221;slide&#8221; animation_direction=&#8221;top&#8221;][\/et_pb_image][\/et_pb_column][et_pb_column type=&#8221;1_4&#8243; _builder_version=&#8221;4.6.3&#8243; _module_preset=&#8221;default&#8221;][et_pb_image src=&#8221;https:\/\/www.grillsteakhouse.com\/de\/wp-content\/uploads\/2020\/10\/Grasslands.jpg&#8221; alt=&#8221;Brazil small town&#8221; title_text=&#8221;Grasslands&#8221; _builder_version=&#8221;4.6.3&#8243; _module_preset=&#8221;default&#8221; animation_style=&#8221;slide&#8221; animation_direction=&#8221;bottom&#8221;][\/et_pb_image][\/et_pb_column][et_pb_column type=&#8221;1_4&#8243; _builder_version=&#8221;4.6.3&#8243; _module_preset=&#8221;default&#8221;][et_pb_image src=&#8221;https:\/\/www.grillsteakhouse.com\/de\/wp-content\/uploads\/2020\/10\/Mask.jpg&#8221; alt=&#8221;Brazilian mask&#8221; title_text=&#8221;Brazilian mask&#8221; _builder_version=&#8221;4.6.3&#8243; _module_preset=&#8221;default&#8221; animation_style=&#8221;slide&#8221; animation_direction=&#8221;right&#8221;][\/et_pb_image][\/et_pb_column][\/et_pb_row][\/et_pb_section][et_pb_section fb_built=&#8221;1&#8243; _builder_version=&#8221;4.6.3&#8243; background_color=&#8221;#000000&#8243; background_enable_image=&#8221;off&#8221; min_height=&#8221;194px&#8221; custom_margin=&#8221;-8px|||||&#8221; custom_padding=&#8221;0px||0px||false|false&#8221; global_module=&#8221;360&#8243; saved_tabs=&#8221;all&#8221;][et_pb_row column_structure=&#8221;1_4,1_4,1_4,1_4&#8243; _builder_version=&#8221;4.4.6&#8243;][et_pb_column type=&#8221;1_4&#8243; _builder_version=&#8221;4.4.6&#8243;][et_pb_image src=&#8221;https:\/\/www.grillsteakhouse.com\/de\/wp-content\/uploads\/2020\/12\/JBS-logo.png&#8221; alt=&#8221;Canada-Spring-Creek-Beef-banner&#8221; title_text=&#8221;JBS&#8211;logo&#8221; url=&#8221;https:\/\/www.jbsglobal.co.uk\/news\/&#8221; url_new_window=&#8221;on&#8221; _builder_version=&#8221;4.7.4&#8243;][\/et_pb_image][\/et_pb_column][et_pb_column type=&#8221;1_4&#8243; _builder_version=&#8221;4.4.6&#8243;][et_pb_image src=&#8221;https:\/\/www.grillsteakhouse.com\/de\/wp-content\/uploads\/2020\/12\/Fund-for-the-Amazon-logo.png&#8221; title_text=&#8221;Fund-for-the-Amazon-logo&#8221; url=&#8221;https:\/\/jbs.com.br\/juntospelaamazonia\/en\/#&#8221; url_new_window=&#8221;on&#8221; _builder_version=&#8221;4.7.4&#8243; _module_preset=&#8221;default&#8221;][\/et_pb_image][\/et_pb_column][et_pb_column type=&#8221;1_4&#8243; _builder_version=&#8221;4.4.6&#8243;][et_pb_image src=&#8221;https:\/\/www.grillsteakhouse.com\/de\/wp-content\/uploads\/2020\/12\/Real-Red-Meat-Eaters-logo.png&#8221; title_text=&#8221;Real-Red-Meat-Eaters-logo&#8221; url=&#8221;https:\/\/www.instagram.com\/realredmeateaters\/&#8221; url_new_window=&#8221;on&#8221; _builder_version=&#8221;4.7.4&#8243; _module_preset=&#8221;default&#8221;][\/et_pb_image][\/et_pb_column][et_pb_column type=&#8221;1_4&#8243; _builder_version=&#8221;4.4.6&#8243;][et_pb_image src=&#8221;https:\/\/www.grillsteakhouse.com\/de\/wp-content\/uploads\/2020\/12\/Grill-Steakhouse-logo.png&#8221; title_text=&#8221;Grill-Steakhouse-logo&#8221; url=&#8221;https:\/\/www.grillsteakhouse.com\/de\/products\/&#8221; url_new_window=&#8221;on&#8221; _builder_version=&#8221;4.7.4&#8243; _module_preset=&#8221;default&#8221;][\/et_pb_image][\/et_pb_column][\/et_pb_row][\/et_pb_section]<\/p>\n","protected":false},"excerpt":{"rendered":"<p>Entdecken Sie die bahnbrechende initiative Together for the Amazon\u00a0von JBS Brazil: https:\/\/jbs.com.br\/juntospelaamazonia\/en\/#Das\u00a0Together for the Amazon Programm ist eine Reihe von Initiativen zur Erhaltung und Entwicklung des nat\u00fcrlichen Lebensraumes, die sich an der Absicht des Unternehmens orientieren, die Welt auf nachhaltigere Weise zu ern\u00e4hren. \u00a0JBS Global setzt sich weltweit f\u00fcr nachhaltige Tierhaltung ein und Grill Steakhouse [&hellip;]<\/p>\n","protected":false},"author":2,"featured_media":0,"parent":0,"menu_order":20,"comment_status":"closed","ping_status":"closed","template":"","meta":{"_et_pb_use_builder":"on","_et_pb_old_content":"","_et_gb_content_width":"","footnotes":""},"class_list":["post-1443","page","type-page","status-publish","hentry"],"yoast_head":"<!-- This site is optimized with the Yoast SEO plugin v27.5 - https:\/\/yoast.com\/product\/yoast-seo-wordpress\/ -->\n<title>Sustainability - Grill Steakhouse Selected Brazilian Beef<\/title>\n<meta name=\"robots\" content=\"index, follow, max-snippet:-1, max-image-preview:large, max-video-preview:-1\" \/>\n<link rel=\"canonical\" href=\"https:\/\/www.grillsteakhouse.com\/de\/sustainability\/\" \/>\n<meta property=\"og:locale\" content=\"en_GB\" \/>\n<meta property=\"og:type\" content=\"article\" \/>\n<meta property=\"og:title\" content=\"Sustainability - Grill Steakhouse Selected Brazilian Beef\" \/>\n<meta property=\"og:description\" content=\"Entdecken Sie die bahnbrechende initiative Together for the Amazon\u00a0von JBS Brazil: https:\/\/jbs.com.br\/juntospelaamazonia\/en\/#Das\u00a0Together for the Amazon Programm ist eine Reihe von Initiativen zur Erhaltung und Entwicklung des nat\u00fcrlichen Lebensraumes, die sich an der Absicht des Unternehmens orientieren, die Welt auf nachhaltigere Weise zu ern\u00e4hren. \u00a0JBS Global setzt sich weltweit f\u00fcr nachhaltige Tierhaltung ein und Grill Steakhouse [&hellip;]\" \/>\n<meta property=\"og:url\" content=\"https:\/\/www.grillsteakhouse.com\/de\/sustainability\/\" \/>\n<meta property=\"og:site_name\" content=\"Grill Steakhouse Selected Brazilian Beef\" \/>\n<meta property=\"article:publisher\" content=\"https:\/\/www.facebook.com\/JBS-Global-UK-794911470545622\/\" \/>\n<meta property=\"article:modified_time\" content=\"2021-03-23T11:29:51+00:00\" \/>\n<meta name=\"twitter:card\" content=\"summary_large_image\" \/>\n<meta name=\"twitter:site\" content=\"@JBSGlobalUK\" \/>\n<meta name=\"twitter:label1\" content=\"Estimated reading time\" \/>\n\t<meta name=\"twitter:data1\" content=\"5 minutes\" \/>\n<script type=\"application\/ld+json\" class=\"yoast-schema-graph\">{\"@context\":\"https:\\\/\\\/schema.org\",\"@graph\":[{\"@type\":\"WebPage\",\"@id\":\"https:\\\/\\\/www.grillsteakhouse.com\\\/de\\\/sustainability\\\/\",\"url\":\"https:\\\/\\\/www.grillsteakhouse.com\\\/de\\\/sustainability\\\/\",\"name\":\"Sustainability - Grill Steakhouse Selected Brazilian Beef\",\"isPartOf\":{\"@id\":\"https:\\\/\\\/www.grillsteakhouse.com\\\/de\\\/#website\"},\"datePublished\":\"2020-10-20T11:13:45+00:00\",\"dateModified\":\"2021-03-23T11:29:51+00:00\",\"breadcrumb\":{\"@id\":\"https:\\\/\\\/www.grillsteakhouse.com\\\/de\\\/sustainability\\\/#breadcrumb\"},\"inLanguage\":\"en-GB\",\"potentialAction\":[{\"@type\":\"ReadAction\",\"target\":[\"https:\\\/\\\/www.grillsteakhouse.com\\\/de\\\/sustainability\\\/\"]}]},{\"@type\":\"BreadcrumbList\",\"@id\":\"https:\\\/\\\/www.grillsteakhouse.com\\\/de\\\/sustainability\\\/#breadcrumb\",\"itemListElement\":[{\"@type\":\"ListItem\",\"position\":1,\"name\":\"Home\",\"item\":\"https:\\\/\\\/www.grillsteakhouse.com\\\/de\\\/\"},{\"@type\":\"ListItem\",\"position\":2,\"name\":\"Sustainability\"}]},{\"@type\":\"WebSite\",\"@id\":\"https:\\\/\\\/www.grillsteakhouse.com\\\/de\\\/#website\",\"url\":\"https:\\\/\\\/www.grillsteakhouse.com\\\/de\\\/\",\"name\":\"Grill Steakhouse Selected Brazilian Beef\",\"description\":\"Finest Wholesale Beef Cuts from Brazil\",\"potentialAction\":[{\"@type\":\"SearchAction\",\"target\":{\"@type\":\"EntryPoint\",\"urlTemplate\":\"https:\\\/\\\/www.grillsteakhouse.com\\\/de\\\/?s={search_term_string}\"},\"query-input\":{\"@type\":\"PropertyValueSpecification\",\"valueRequired\":true,\"valueName\":\"search_term_string\"}}],\"inLanguage\":\"en-GB\"}]}<\/script>\n<!-- \/ Yoast SEO plugin. -->","yoast_head_json":{"title":"Sustainability - Grill Steakhouse Selected Brazilian Beef","robots":{"index":"index","follow":"follow","max-snippet":"max-snippet:-1","max-image-preview":"max-image-preview:large","max-video-preview":"max-video-preview:-1"},"canonical":"https:\/\/www.grillsteakhouse.com\/de\/sustainability\/","og_locale":"en_GB","og_type":"article","og_title":"Sustainability - Grill Steakhouse Selected Brazilian Beef","og_description":"Entdecken Sie die bahnbrechende initiative Together for the Amazon\u00a0von JBS Brazil: https:\/\/jbs.com.br\/juntospelaamazonia\/en\/#Das\u00a0Together for the Amazon Programm ist eine Reihe von Initiativen zur Erhaltung und Entwicklung des nat\u00fcrlichen Lebensraumes, die sich an der Absicht des Unternehmens orientieren, die Welt auf nachhaltigere Weise zu ern\u00e4hren. \u00a0JBS Global setzt sich weltweit f\u00fcr nachhaltige Tierhaltung ein und Grill Steakhouse [&hellip;]","og_url":"https:\/\/www.grillsteakhouse.com\/de\/sustainability\/","og_site_name":"Grill Steakhouse Selected Brazilian Beef","article_publisher":"https:\/\/www.facebook.com\/JBS-Global-UK-794911470545622\/","article_modified_time":"2021-03-23T11:29:51+00:00","twitter_card":"summary_large_image","twitter_site":"@JBSGlobalUK","twitter_misc":{"Estimated reading time":"5 minutes"},"schema":{"@context":"https:\/\/schema.org","@graph":[{"@type":"WebPage","@id":"https:\/\/www.grillsteakhouse.com\/de\/sustainability\/","url":"https:\/\/www.grillsteakhouse.com\/de\/sustainability\/","name":"Sustainability - Grill Steakhouse Selected Brazilian Beef","isPartOf":{"@id":"https:\/\/www.grillsteakhouse.com\/de\/#website"},"datePublished":"2020-10-20T11:13:45+00:00","dateModified":"2021-03-23T11:29:51+00:00","breadcrumb":{"@id":"https:\/\/www.grillsteakhouse.com\/de\/sustainability\/#breadcrumb"},"inLanguage":"en-GB","potentialAction":[{"@type":"ReadAction","target":["https:\/\/www.grillsteakhouse.com\/de\/sustainability\/"]}]},{"@type":"BreadcrumbList","@id":"https:\/\/www.grillsteakhouse.com\/de\/sustainability\/#breadcrumb","itemListElement":[{"@type":"ListItem","position":1,"name":"Home","item":"https:\/\/www.grillsteakhouse.com\/de\/"},{"@type":"ListItem","position":2,"name":"Sustainability"}]},{"@type":"WebSite","@id":"https:\/\/www.grillsteakhouse.com\/de\/#website","url":"https:\/\/www.grillsteakhouse.com\/de\/","name":"Grill Steakhouse Selected Brazilian Beef","description":"Finest Wholesale Beef Cuts from Brazil","potentialAction":[{"@type":"SearchAction","target":{"@type":"EntryPoint","urlTemplate":"https:\/\/www.grillsteakhouse.com\/de\/?s={search_term_string}"},"query-input":{"@type":"PropertyValueSpecification","valueRequired":true,"valueName":"search_term_string"}}],"inLanguage":"en-GB"}]}},"_links":{"self":[{"href":"https:\/\/www.grillsteakhouse.com\/de\/wp-json\/wp\/v2\/pages\/1443","targetHints":{"allow":["GET"]}}],"collection":[{"href":"https:\/\/www.grillsteakhouse.com\/de\/wp-json\/wp\/v2\/pages"}],"about":[{"href":"https:\/\/www.grillsteakhouse.com\/de\/wp-json\/wp\/v2\/types\/page"}],"author":[{"embeddable":true,"href":"https:\/\/www.grillsteakhouse.com\/de\/wp-json\/wp\/v2\/users\/2"}],"replies":[{"embeddable":true,"href":"https:\/\/www.grillsteakhouse.com\/de\/wp-json\/wp\/v2\/comments?post=1443"}],"version-history":[{"count":37,"href":"https:\/\/www.grillsteakhouse.com\/de\/wp-json\/wp\/v2\/pages\/1443\/revisions"}],"predecessor-version":[{"id":2323,"href":"https:\/\/www.grillsteakhouse.com\/de\/wp-json\/wp\/v2\/pages\/1443\/revisions\/2323"}],"wp:attachment":[{"href":"https:\/\/www.grillsteakhouse.com\/de\/wp-json\/wp\/v2\/media?parent=1443"}],"curies":[{"name":"wp","href":"https:\/\/api.w.org\/{rel}","templated":true}]}}